{"id":5098,"date":"2024-12-02T20:03:25","date_gmt":"2024-12-02T20:03:25","guid":{"rendered":"https:\/\/www.aecq.ca\/member-section\/"},"modified":"2024-12-10T21:44:33","modified_gmt":"2024-12-10T21:44:33","slug":"member-section","status":"publish","type":"page","link":"https:\/\/www.aecq.ca\/en\/member-section\/","title":{"rendered":"Member section"},"content":{"rendered":"\t\t<div data-elementor-type=\"wp-page\" data-elementor-id=\"5098\" class=\"elementor elementor-5098 elementor-5092\" data-elementor-post-type=\"page\">\n\t\t\t\t\t\t<section class=\"elementor-section elementor-top-section elementor-element elementor-element-54881dd elementor-section-boxed elementor-section-height-default elementor-section-height-default\" data-id=\"54881dd\" data-element_type=\"section\">\n\t\t\t\t\t\t<div class=\"elementor-container elementor-column-gap-default\">\n\t\t\t\t\t<div class=\"elementor-column elementor-col-100 elementor-top-column elementor-element elementor-element-9f39858\" data-id=\"9f39858\" data-element_type=\"column\">\n\t\t\t<div class=\"elementor-widget-wrap elementor-element-populated\">\n\t\t\t\t\t\t<div class=\"elementor-element elementor-element-efd222b elementor-widget elementor-widget-heading\" data-id=\"efd222b\" data-element_type=\"widget\" data-widget_type=\"heading.default\">\n\t\t\t\t<div class=\"elementor-widget-container\">\n\t\t\t\t\t<h1 class=\"elementor-heading-title elementor-size-default\">Member section<\/h1>\t\t\t\t<\/div>\n\t\t\t\t<\/div>\n\t\t\t\t<div class=\"elementor-element elementor-element-2444c31 elementor-widget elementor-widget-Member Access form\" data-id=\"2444c31\" data-element_type=\"widget\" data-widget_type=\"Member Access form.default\">\n\t\t\t\t<div class=\"elementor-widget-container\">\n\t\t\t\t\t        <script type=\"text\/javascript\">\n            var isValidCode = false;\n        <\/script>\n\n        <div class=\"access-form\">\n            <form method=\"POST\" action=\"\" name=\"aecq_connexion\">\n                <div>\n                                            <label for=\"fceinumber\">FCEI member number:<\/label>\n                                        <input type=\"text\" id=\"fceinumber\" name=\"fceinumber\" required>\n\n                                    <\/div>\n\n                <div class=\"penega-button-container\">\n                                            <input class=\"btn default\" type=\"submit\" id=\"memberSubmit\" value=\"Log in\">\n                                    <\/div>\n            <\/form>\n        <\/div>\n\n        <script type=\"text\/javascript\">\n            document.addEventListener('DOMContentLoaded', function () {\n                const accessForm = document.querySelector('.access-form');\n                const parentSection = accessForm.closest('.elementor-section');\n\n                if (isValidCode) {\n                    document.querySelector('.member-section-content').style.display = 'block';\n\n                    if (parentSection) {\n                        parentSection.style.display = 'none';\n                    }\n                } else {\n                    if (parentSection) {\n                        parentSection.style.display = 'block';\n                    }\n                    document.querySelector('.member-section-content').style.display = 'none';\n                }\n            });\n        <\/script>\n        \t\t\t\t<\/div>\n\t\t\t\t<\/div>\n\t\t\t\t\t<\/div>\n\t\t<\/div>\n\t\t\t\t\t<\/div>\n\t\t<\/section>\n\t\t\t\t<section class=\"elementor-section elementor-top-section elementor-element elementor-element-619a0e1 member-section-content elementor-section-boxed elementor-section-height-default elementor-section-height-default\" data-id=\"619a0e1\" data-element_type=\"section\">\n\t\t\t\t\t\t<div class=\"elementor-container elementor-column-gap-default\">\n\t\t\t\t\t<div class=\"elementor-column elementor-col-100 elementor-top-column elementor-element elementor-element-5596a6a\" data-id=\"5596a6a\" data-element_type=\"column\">\n\t\t\t<div class=\"elementor-widget-wrap elementor-element-populated\">\n\t\t\t\t\t\t<div class=\"elementor-element elementor-element-dade45b elementor-widget elementor-widget-heading\" data-id=\"dade45b\" data-element_type=\"widget\" data-widget_type=\"heading.default\">\n\t\t\t\t<div class=\"elementor-widget-container\">\n\t\t\t\t\t<h2 class=\"elementor-heading-title elementor-size-default\">Bill 25 impacts you. Take action!<\/h2>\t\t\t\t<\/div>\n\t\t\t\t<\/div>\n\t\t\t\t<div class=\"elementor-element elementor-element-fbd57e0 elementor-widget elementor-widget-text-editor\" data-id=\"fbd57e0\" data-element_type=\"widget\" data-widget_type=\"text-editor.default\">\n\t\t\t\t<div class=\"elementor-widget-container\">\n\t\t\t\t\t\t\t\t\t<p>Does your organization collect information such as contact details, age, or copies of identification documents from your clients? As an organization operating in Quebec, you are subject to Bill 25, which governs the protection of personal information.<\/p>\n<p><strong>Non-compliance with the law can result in substantial fines, starting at a minimum of $15,000 for serious offenses and reaching up to 4% of your annual revenue. Moreover, your organization&#8217;s directors may be held personally liable.<\/strong><\/p>\n<p>Compliance by all members strengthens public trust in your organization and demonstrates the DSAQ commitment to privacy protection. A violation of Bill 25 by a single member can have significant consequences for the reputation of the<br \/>DSAQ and its other members.<\/p>\n<p>Considering these challenges, the DSAQ, Raymond Chabot Grant Thornton, and R\u00e9f\u00e9rence Syst\u00e8mes have partnered to offer you <strong>tailored support<\/strong>. From compliance audits and policy drafting to staff training and more, we provide concrete solutions to help you meet your obligations under Bill 25 and safeguard your interests.<\/p>\n<p><strong>Act now to ensure your compliance!<\/strong><\/p>\n<p>For more information, please register for one of our webinars by clicking on the following link:<br \/><a href=\"https:\/\/info.rcgt.com\/AECQ202412\" target=\"_blank\" rel=\"noopener\">https:\/\/info.rcgt.com\/AECQ202412<\/a><\/p>\n<\/p>\n<p><strong>Take advantage of a personalized offer to help you comply with Bill 25 :<\/strong> <a href=\"https:\/\/portail.reference.ca\/aecq\" target=\"_blank\" rel=\"noopener\" class=\"broken_link\">Plans de conformit\u00e9 \u00e0 la loi 25<\/a><\/p>\n\t\t\t\t\t\t\t\t<\/div>\n\t\t\t\t<\/div>\n\t\t\t\t\t<\/div>\n\t\t<\/div>\n\t\t\t\t\t<\/div>\n\t\t<\/section>\n\t\t\t\t<\/div>\n\t\t","protected":false},"excerpt":{"rendered":"<p>Member section Num\u00e9ro de membre FCEI Bill 25 impacts you. Take action! Does your organization collect information such as contact details, age, or copies of identification documents from your clients? As an organization operating in Quebec, you are subject to Bill 25, which governs the protection of personal information. Non-compliance with the law can result<\/p>\n","protected":false},"author":1,"featured_media":0,"parent":0,"menu_order":0,"comment_status":"closed","ping_status":"closed","template":"","meta":{"_acf_changed":false,"footnotes":""},"class_list":["post-5098","page","type-page","status-publish","hentry"],"acf":[],"yoast_head":"<!-- This site is optimized with the Yoast SEO plugin v26.2 - https:\/\/yoast.com\/wordpress\/plugins\/seo\/ -->\n<title>Member section - AECQ<\/title>\n<meta name=\"robots\" content=\"index, follow, max-snippet:-1, max-image-preview:large, max-video-preview:-1\" \/>\n<link rel=\"canonical\" href=\"https:\/\/www.aecq.ca\/en\/member-section\/\" \/>\n<meta property=\"og:locale\" content=\"en_US\" \/>\n<meta property=\"og:type\" content=\"article\" \/>\n<meta property=\"og:title\" content=\"Member section - AECQ\" \/>\n<meta property=\"og:description\" content=\"Member section Num\u00e9ro de membre FCEI Bill 25 impacts you. Take action! Does your organization collect information such as contact details, age, or copies of identification documents from your clients? As an organization operating in Quebec, you are subject to Bill 25, which governs the protection of personal information. Non-compliance with the law can result\" \/>\n<meta property=\"og:url\" content=\"https:\/\/www.aecq.ca\/en\/member-section\/\" \/>\n<meta property=\"og:site_name\" content=\"AECQ\" \/>\n<meta property=\"article:modified_time\" content=\"2024-12-10T21:44:33+00:00\" \/>\n<meta name=\"twitter:card\" content=\"summary_large_image\" \/>\n<meta name=\"twitter:label1\" content=\"Est. reading time\" \/>\n\t<meta name=\"twitter:data1\" content=\"1 minute\" \/>\n<script type=\"application\/ld+json\" class=\"yoast-schema-graph\">{\"@context\":\"https:\/\/schema.org\",\"@graph\":[{\"@type\":\"WebPage\",\"@id\":\"https:\/\/www.aecq.ca\/en\/member-section\/\",\"url\":\"https:\/\/www.aecq.ca\/en\/member-section\/\",\"name\":\"Member section - AECQ\",\"isPartOf\":{\"@id\":\"https:\/\/www.aecq.ca\/en\/#website\"},\"datePublished\":\"2024-12-02T20:03:25+00:00\",\"dateModified\":\"2024-12-10T21:44:33+00:00\",\"breadcrumb\":{\"@id\":\"https:\/\/www.aecq.ca\/en\/member-section\/#breadcrumb\"},\"inLanguage\":\"en-US\",\"potentialAction\":[{\"@type\":\"ReadAction\",\"target\":[\"https:\/\/www.aecq.ca\/en\/member-section\/\"]}]},{\"@type\":\"BreadcrumbList\",\"@id\":\"https:\/\/www.aecq.ca\/en\/member-section\/#breadcrumb\",\"itemListElement\":[{\"@type\":\"ListItem\",\"position\":1,\"name\":\"Home\",\"item\":\"https:\/\/www.aecq.ca\/en\/\"},{\"@type\":\"ListItem\",\"position\":2,\"name\":\"Member section\"}]},{\"@type\":\"WebSite\",\"@id\":\"https:\/\/www.aecq.ca\/en\/#website\",\"url\":\"https:\/\/www.aecq.ca\/en\/\",\"name\":\"AECQ\",\"description\":\"Un site utilisant WordPress\",\"potentialAction\":[{\"@type\":\"SearchAction\",\"target\":{\"@type\":\"EntryPoint\",\"urlTemplate\":\"https:\/\/www.aecq.ca\/en\/?s={search_term_string}\"},\"query-input\":{\"@type\":\"PropertyValueSpecification\",\"valueRequired\":true,\"valueName\":\"search_term_string\"}}],\"inLanguage\":\"en-US\"}]}<\/script>\n<!-- \/ Yoast SEO plugin. -->","yoast_head_json":{"title":"Member section - AECQ","robots":{"index":"index","follow":"follow","max-snippet":"max-snippet:-1","max-image-preview":"max-image-preview:large","max-video-preview":"max-video-preview:-1"},"canonical":"https:\/\/www.aecq.ca\/en\/member-section\/","og_locale":"en_US","og_type":"article","og_title":"Member section - AECQ","og_description":"Member section Num\u00e9ro de membre FCEI Bill 25 impacts you. Take action! Does your organization collect information such as contact details, age, or copies of identification documents from your clients? As an organization operating in Quebec, you are subject to Bill 25, which governs the protection of personal information. Non-compliance with the law can result","og_url":"https:\/\/www.aecq.ca\/en\/member-section\/","og_site_name":"AECQ","article_modified_time":"2024-12-10T21:44:33+00:00","twitter_card":"summary_large_image","twitter_misc":{"Est. reading time":"1 minute"},"schema":{"@context":"https:\/\/schema.org","@graph":[{"@type":"WebPage","@id":"https:\/\/www.aecq.ca\/en\/member-section\/","url":"https:\/\/www.aecq.ca\/en\/member-section\/","name":"Member section - AECQ","isPartOf":{"@id":"https:\/\/www.aecq.ca\/en\/#website"},"datePublished":"2024-12-02T20:03:25+00:00","dateModified":"2024-12-10T21:44:33+00:00","breadcrumb":{"@id":"https:\/\/www.aecq.ca\/en\/member-section\/#breadcrumb"},"inLanguage":"en-US","potentialAction":[{"@type":"ReadAction","target":["https:\/\/www.aecq.ca\/en\/member-section\/"]}]},{"@type":"BreadcrumbList","@id":"https:\/\/www.aecq.ca\/en\/member-section\/#breadcrumb","itemListElement":[{"@type":"ListItem","position":1,"name":"Home","item":"https:\/\/www.aecq.ca\/en\/"},{"@type":"ListItem","position":2,"name":"Member section"}]},{"@type":"WebSite","@id":"https:\/\/www.aecq.ca\/en\/#website","url":"https:\/\/www.aecq.ca\/en\/","name":"AECQ","description":"Un site utilisant WordPress","potentialAction":[{"@type":"SearchAction","target":{"@type":"EntryPoint","urlTemplate":"https:\/\/www.aecq.ca\/en\/?s={search_term_string}"},"query-input":{"@type":"PropertyValueSpecification","valueRequired":true,"valueName":"search_term_string"}}],"inLanguage":"en-US"}]}},"_links":{"self":[{"href":"https:\/\/www.aecq.ca\/en\/wp-json\/wp\/v2\/pages\/5098","targetHints":{"allow":["GET"]}}],"collection":[{"href":"https:\/\/www.aecq.ca\/en\/wp-json\/wp\/v2\/pages"}],"about":[{"href":"https:\/\/www.aecq.ca\/en\/wp-json\/wp\/v2\/types\/page"}],"author":[{"embeddable":true,"href":"https:\/\/www.aecq.ca\/en\/wp-json\/wp\/v2\/users\/1"}],"replies":[{"embeddable":true,"href":"https:\/\/www.aecq.ca\/en\/wp-json\/wp\/v2\/comments?post=5098"}],"version-history":[{"count":0,"href":"https:\/\/www.aecq.ca\/en\/wp-json\/wp\/v2\/pages\/5098\/revisions"}],"wp:attachment":[{"href":"https:\/\/www.aecq.ca\/en\/wp-json\/wp\/v2\/media?parent=5098"}],"curies":[{"name":"wp","href":"https:\/\/api.w.org\/{rel}","templated":true}]}}